{"id":31410,"date":"2024-06-13T14:31:04","date_gmt":"2024-06-13T12:31:04","guid":{"rendered":"https:\/\/flocons.staticmigration.com\/honoraires\/"},"modified":"2024-07-09T16:58:28","modified_gmt":"2024-07-09T14:58:28","slug":"honoraires","status":"publish","type":"page","link":"https:\/\/www.agencedesflocons.com\/en\/honoraires\/","title":{"rendered":"Fees"},"content":{"rendered":"\t\t<div data-elementor-type=\"wp-page\" data-elementor-id=\"31410\" class=\"elementor elementor-31410 elementor-28891\" data-elementor-settings=\"{&quot;element_pack_global_tooltip_width&quot;:{&quot;unit&quot;:&quot;px&quot;,&quot;size&quot;:&quot;&quot;,&quot;sizes&quot;:[]},&quot;element_pack_global_tooltip_width_tablet&quot;:{&quot;unit&quot;:&quot;px&quot;,&quot;size&quot;:&quot;&quot;,&quot;sizes&quot;:[]},&quot;element_pack_global_tooltip_width_mobile&quot;:{&quot;unit&quot;:&quot;px&quot;,&quot;size&quot;:&quot;&quot;,&quot;sizes&quot;:[]},&quot;element_pack_global_tooltip_padding&quot;:{&quot;unit&quot;:&quot;px&quot;,&quot;top&quot;:&quot;&quot;,&quot;right&quot;:&quot;&quot;,&quot;bottom&quot;:&quot;&quot;,&quot;left&quot;:&quot;&quot;,&quot;isLinked&quot;:true},&quot;element_pack_global_tooltip_padding_tablet&quot;:{&quot;unit&quot;:&quot;px&quot;,&quot;top&quot;:&quot;&quot;,&quot;right&quot;:&quot;&quot;,&quot;bottom&quot;:&quot;&quot;,&quot;left&quot;:&quot;&quot;,&quot;isLinked&quot;:true},&quot;element_pack_global_tooltip_padding_mobile&quot;:{&quot;unit&quot;:&quot;px&quot;,&quot;top&quot;:&quot;&quot;,&quot;right&quot;:&quot;&quot;,&quot;bottom&quot;:&quot;&quot;,&quot;left&quot;:&quot;&quot;,&quot;isLinked&quot;:true},&quot;element_pack_global_tooltip_border_radius&quot;:{&quot;unit&quot;:&quot;px&quot;,&quot;top&quot;:&quot;&quot;,&quot;right&quot;:&quot;&quot;,&quot;bottom&quot;:&quot;&quot;,&quot;left&quot;:&quot;&quot;,&quot;isLinked&quot;:true},&quot;element_pack_global_tooltip_border_radius_tablet&quot;:{&quot;unit&quot;:&quot;px&quot;,&quot;top&quot;:&quot;&quot;,&quot;right&quot;:&quot;&quot;,&quot;bottom&quot;:&quot;&quot;,&quot;left&quot;:&quot;&quot;,&quot;isLinked&quot;:true},&quot;element_pack_global_tooltip_border_radius_mobile&quot;:{&quot;unit&quot;:&quot;px&quot;,&quot;top&quot;:&quot;&quot;,&quot;right&quot;:&quot;&quot;,&quot;bottom&quot;:&quot;&quot;,&quot;left&quot;:&quot;&quot;,&quot;isLinked&quot;:true}}\" data-elementor-post-type=\"page\">\n\t\t\t\t<div class=\"elementor-element elementor-element-0ed0d5b e-flex e-con-boxed e-con e-parent\" data-id=\"0ed0d5b\" data-element_type=\"container\" data-e-type=\"container\">\n\t\t\t\t\t<div class=\"e-con-inner\">\n\t\t\t\t<div class=\"elementor-element elementor-element-af2abc9 elementor-widget elementor-widget-heading\" data-id=\"af2abc9\" data-element_type=\"widget\" data-e-type=\"widget\" data-widget_type=\"heading.default\">\n\t\t\t\t<div class=\"elementor-widget-container\">\n\t\t\t\t\t<h2 class=\"elementor-heading-title elementor-size-default\">Fees<\/h2>\t\t\t\t<\/div>\n\t\t\t\t<\/div>\n\t\t\t\t<div class=\"elementor-element elementor-element-aceded5 elementor-widget-divider--view-line elementor-widget elementor-widget-divider\" data-id=\"aceded5\" data-element_type=\"widget\" data-e-type=\"widget\" data-widget_type=\"divider.default\">\n\t\t\t\t<div class=\"elementor-widget-container\">\n\t\t\t\t\t\t\t<div class=\"elementor-divider\">\n\t\t\t<span class=\"elementor-divider-separator\">\n\t\t\t\t\t\t<\/span>\n\t\t<\/div>\n\t\t\t\t\t\t<\/div>\n\t\t\t\t<\/div>\n\t\t\t\t\t<\/div>\n\t\t\t\t<\/div>\n\t\t<div class=\"elementor-element elementor-element-c59fb8a e-flex e-con-boxed e-con e-parent\" data-id=\"c59fb8a\" data-element_type=\"container\" data-e-type=\"container\">\n\t\t\t\t\t<div class=\"e-con-inner\">\n\t\t\t\t<div class=\"elementor-element elementor-element-504f200 elementor-widget elementor-widget-shortcode\" data-id=\"504f200\" data-element_type=\"widget\" data-e-type=\"widget\" data-widget_type=\"shortcode.default\">\n\t\t\t\t<div class=\"elementor-widget-container\">\n\t\t\t\t\t\t\t<div class=\"elementor-shortcode\">\n<table id=\"tablepress-1\" class=\"tablepress tablepress-id-1\">\n<thead>\n<tr class=\"row-1\">\n\t<td class=\"column-1\"><\/td><th class=\"column-2\">Prix de vente<br \/>\njusqu\u2019\u00e0 249 999 \u20ac<\/th><th class=\"column-3\">Prix de vente sup\u00e9rieur ou \u00e9gale \u00e0 250 000 \u20ac<\/th><th class=\"column-4\">Prix de vente sup\u00e9rieur<br \/>\nou \u00e9gale \u00e0 550 000 \u20ac<\/th>\n<\/tr>\n<\/thead>\n<tbody class=\"row-striping\">\n<tr class=\"row-2\">\n\t<td class=\"column-1\">MANDAT EXCLUSIF<\/td><td class=\"column-2\">6%<\/td><td class=\"column-3\">5%<\/td><td class=\"column-4\">4,5%<\/td>\n<\/tr>\n<tr class=\"row-3\">\n\t<td class=\"column-1\">MANDAT SIMPLE<\/td><td class=\"column-2\">7%<\/td><td class=\"column-3\">6%<\/td><td class=\"column-4\">5,5%<\/td>\n<\/tr>\n<\/tbody>\n<\/table>\n<!-- #tablepress-1 from cache --><\/div>\n\t\t\t\t\t\t<\/div>\n\t\t\t\t<\/div>\n\t\t\t\t\t<\/div>\n\t\t\t\t<\/div>\n\t\t\t\t<\/div>\n\t\t","protected":false},"excerpt":{"rendered":"<p>Fees<\/p>\n","protected":false},"author":1,"featured_media":0,"parent":0,"menu_order":0,"comment_status":"closed","ping_status":"closed","template":"","meta":{"_acf_changed":false,"footnotes":""},"class_list":["post-31410","page","type-page","status-publish","hentry"],"acf":[],"yoast_head":"<!-- This site is optimized with the Yoast SEO plugin v27.5 - https:\/\/yoast.com\/product\/yoast-seo-wordpress\/ -->\n<title>Fees - Agence des Flocons<\/title>\n<meta name=\"robots\" content=\"index, follow, max-snippet:-1, max-image-preview:large, max-video-preview:-1\" \/>\n<link rel=\"canonical\" href=\"https:\/\/www.agencedesflocons.com\/en\/honoraires\/\" \/>\n<meta property=\"og:locale\" content=\"en_US\" \/>\n<meta property=\"og:type\" content=\"article\" \/>\n<meta property=\"og:title\" content=\"Fees - Agence des Flocons\" \/>\n<meta property=\"og:description\" content=\"Fees\" \/>\n<meta property=\"og:url\" content=\"https:\/\/www.agencedesflocons.com\/en\/honoraires\/\" \/>\n<meta property=\"og:site_name\" content=\"Agence des Flocons\" \/>\n<meta property=\"article:modified_time\" content=\"2024-07-09T14:58:28+00:00\" \/>\n<meta name=\"twitter:card\" content=\"summary_large_image\" \/>\n<script type=\"application\/ld+json\" class=\"yoast-schema-graph\">{\"@context\":\"https:\\\/\\\/schema.org\",\"@graph\":[{\"@type\":\"WebPage\",\"@id\":\"https:\\\/\\\/www.agencedesflocons.com\\\/en\\\/honoraires\\\/\",\"url\":\"https:\\\/\\\/www.agencedesflocons.com\\\/en\\\/honoraires\\\/\",\"name\":\"Fees - Agence des Flocons\",\"isPartOf\":{\"@id\":\"https:\\\/\\\/www.agencedesflocons.com\\\/#website\"},\"datePublished\":\"2024-06-13T12:31:04+00:00\",\"dateModified\":\"2024-07-09T14:58:28+00:00\",\"breadcrumb\":{\"@id\":\"https:\\\/\\\/www.agencedesflocons.com\\\/en\\\/honoraires\\\/#breadcrumb\"},\"inLanguage\":\"en-US\",\"potentialAction\":[{\"@type\":\"ReadAction\",\"target\":[\"https:\\\/\\\/www.agencedesflocons.com\\\/en\\\/honoraires\\\/\"]}]},{\"@type\":\"BreadcrumbList\",\"@id\":\"https:\\\/\\\/www.agencedesflocons.com\\\/en\\\/honoraires\\\/#breadcrumb\",\"itemListElement\":[{\"@type\":\"ListItem\",\"position\":1,\"name\":\"Accueil\",\"item\":\"https:\\\/\\\/www.agencedesflocons.com\\\/\"},{\"@type\":\"ListItem\",\"position\":2,\"name\":\"Fees\"}]},{\"@type\":\"WebSite\",\"@id\":\"https:\\\/\\\/www.agencedesflocons.com\\\/#website\",\"url\":\"https:\\\/\\\/www.agencedesflocons.com\\\/\",\"name\":\"Agence des Flocons\",\"description\":\"\",\"publisher\":{\"@id\":\"https:\\\/\\\/www.agencedesflocons.com\\\/#organization\"},\"potentialAction\":[{\"@type\":\"SearchAction\",\"target\":{\"@type\":\"EntryPoint\",\"urlTemplate\":\"https:\\\/\\\/www.agencedesflocons.com\\\/?s={search_term_string}\"},\"query-input\":{\"@type\":\"PropertyValueSpecification\",\"valueRequired\":true,\"valueName\":\"search_term_string\"}}],\"inLanguage\":\"en-US\"},{\"@type\":\"Organization\",\"@id\":\"https:\\\/\\\/www.agencedesflocons.com\\\/#organization\",\"name\":\"Agence des Flocons\",\"url\":\"https:\\\/\\\/www.agencedesflocons.com\\\/\",\"logo\":{\"@type\":\"ImageObject\",\"inLanguage\":\"en-US\",\"@id\":\"https:\\\/\\\/www.agencedesflocons.com\\\/#\\\/schema\\\/logo\\\/image\\\/\",\"url\":\"https:\\\/\\\/www.agencedesflocons.com\\\/wp-content\\\/uploads\\\/2024\\\/06\\\/logo-agence-des-flocons-e1718804944373.png\",\"contentUrl\":\"https:\\\/\\\/www.agencedesflocons.com\\\/wp-content\\\/uploads\\\/2024\\\/06\\\/logo-agence-des-flocons-e1718804944373.png\",\"width\":369,\"height\":158,\"caption\":\"Agence des Flocons\"},\"image\":{\"@id\":\"https:\\\/\\\/www.agencedesflocons.com\\\/#\\\/schema\\\/logo\\\/image\\\/\"}}]}<\/script>\n<!-- \/ Yoast SEO plugin. -->","yoast_head_json":{"title":"Fees - Agence des Flocons","robots":{"index":"index","follow":"follow","max-snippet":"max-snippet:-1","max-image-preview":"max-image-preview:large","max-video-preview":"max-video-preview:-1"},"canonical":"https:\/\/www.agencedesflocons.com\/en\/honoraires\/","og_locale":"en_US","og_type":"article","og_title":"Fees - Agence des Flocons","og_description":"Fees","og_url":"https:\/\/www.agencedesflocons.com\/en\/honoraires\/","og_site_name":"Agence des Flocons","article_modified_time":"2024-07-09T14:58:28+00:00","twitter_card":"summary_large_image","schema":{"@context":"https:\/\/schema.org","@graph":[{"@type":"WebPage","@id":"https:\/\/www.agencedesflocons.com\/en\/honoraires\/","url":"https:\/\/www.agencedesflocons.com\/en\/honoraires\/","name":"Fees - Agence des Flocons","isPartOf":{"@id":"https:\/\/www.agencedesflocons.com\/#website"},"datePublished":"2024-06-13T12:31:04+00:00","dateModified":"2024-07-09T14:58:28+00:00","breadcrumb":{"@id":"https:\/\/www.agencedesflocons.com\/en\/honoraires\/#breadcrumb"},"inLanguage":"en-US","potentialAction":[{"@type":"ReadAction","target":["https:\/\/www.agencedesflocons.com\/en\/honoraires\/"]}]},{"@type":"BreadcrumbList","@id":"https:\/\/www.agencedesflocons.com\/en\/honoraires\/#breadcrumb","itemListElement":[{"@type":"ListItem","position":1,"name":"Accueil","item":"https:\/\/www.agencedesflocons.com\/"},{"@type":"ListItem","position":2,"name":"Fees"}]},{"@type":"WebSite","@id":"https:\/\/www.agencedesflocons.com\/#website","url":"https:\/\/www.agencedesflocons.com\/","name":"Agence des Flocons","description":"","publisher":{"@id":"https:\/\/www.agencedesflocons.com\/#organization"},"potentialAction":[{"@type":"SearchAction","target":{"@type":"EntryPoint","urlTemplate":"https:\/\/www.agencedesflocons.com\/?s={search_term_string}"},"query-input":{"@type":"PropertyValueSpecification","valueRequired":true,"valueName":"search_term_string"}}],"inLanguage":"en-US"},{"@type":"Organization","@id":"https:\/\/www.agencedesflocons.com\/#organization","name":"Agence des Flocons","url":"https:\/\/www.agencedesflocons.com\/","logo":{"@type":"ImageObject","inLanguage":"en-US","@id":"https:\/\/www.agencedesflocons.com\/#\/schema\/logo\/image\/","url":"https:\/\/www.agencedesflocons.com\/wp-content\/uploads\/2024\/06\/logo-agence-des-flocons-e1718804944373.png","contentUrl":"https:\/\/www.agencedesflocons.com\/wp-content\/uploads\/2024\/06\/logo-agence-des-flocons-e1718804944373.png","width":369,"height":158,"caption":"Agence des Flocons"},"image":{"@id":"https:\/\/www.agencedesflocons.com\/#\/schema\/logo\/image\/"}}]}},"_links":{"self":[{"href":"https:\/\/www.agencedesflocons.com\/en\/wp-json\/wp\/v2\/pages\/31410","targetHints":{"allow":["GET"]}}],"collection":[{"href":"https:\/\/www.agencedesflocons.com\/en\/wp-json\/wp\/v2\/pages"}],"about":[{"href":"https:\/\/www.agencedesflocons.com\/en\/wp-json\/wp\/v2\/types\/page"}],"author":[{"embeddable":true,"href":"https:\/\/www.agencedesflocons.com\/en\/wp-json\/wp\/v2\/users\/1"}],"replies":[{"embeddable":true,"href":"https:\/\/www.agencedesflocons.com\/en\/wp-json\/wp\/v2\/comments?post=31410"}],"version-history":[{"count":0,"href":"https:\/\/www.agencedesflocons.com\/en\/wp-json\/wp\/v2\/pages\/31410\/revisions"}],"wp:attachment":[{"href":"https:\/\/www.agencedesflocons.com\/en\/wp-json\/wp\/v2\/media?parent=31410"}],"curies":[{"name":"wp","href":"https:\/\/api.w.org\/{rel}","templated":true}]}}